{"id":160,"date":"2019-04-18T11:09:40","date_gmt":"2019-04-18T11:09:40","guid":{"rendered":"https:\/\/envothemes.com\/envo-ecommerce\/?page_id=40"},"modified":"2026-04-16T02:35:01","modified_gmt":"2026-04-16T02:35:01","slug":"home","status":"publish","type":"page","link":"https:\/\/origensports.com\/","title":{"rendered":"Home"},"content":{"rendered":"\n<h5 class=\"wp-block-heading\">Ropa dise\u00f1ada por ciclistas<\/h5>\n\n\n\n<p><\/p>\n\n\n\n<figure class=\"wp-block-pullquote has-text-align-center has-black-color has-text-color has-link-color has-large-font-size wp-elements-216dcfc62848520ba073d3a890488c18\"><blockquote><p><a role=\"button\" href=\"https:\/\/origensports.com\/index.php\/product-category\/hombre\/\"><br>Hombre      <\/a><a role=\"button\" href=\"https:\/\/origensports.com\/index.php\/product-category\/mujer\/\">           Mujer<\/a><br><a role=\"button\" href=\"https:\/\/origensports.com\/index.php\/product-category\/mujer\/\"><br><\/a><br><a href=\"https:\/\/origensports.com\/index.php\/product-category\/jersey-manga-larga-mujer\/\"><br><img fetchpriority=\"high\" decoding=\"async\" sizes=\"(max-width: 300px) 100vw, 300px\" srcset=\"https:\/\/origensports.com\/wp-content\/uploads\/2024\/02\/WhatsApp-Image-2024-02-07-at-8.00.32-PM-300x300.jpeg 300w, https:\/\/origensports.com\/wp-content\/uploads\/2024\/02\/WhatsApp-Image-2024-02-07-at-8.00.32-PM-150x150.jpeg 150w, https:\/\/origensports.com\/wp-content\/uploads\/2024\/02\/WhatsApp-Image-2024-02-07-at-8.00.32-PM-100x100.jpeg 100w\" width=\"300\" height=\"300\" src=\"https:\/\/origensports.com\/wp-content\/uploads\/2024\/02\/WhatsApp-Image-2024-02-07-at-8.00.32-PM-300x300.jpeg\" alt=\"Jersey Ciclismo Ligero Blanco\"><strong> <\/strong><\/a><br><a href=\"https:\/\/origensports.com\/index.php\/product-category\/jersey-termico\/\"><br><img decoding=\"async\" sizes=\"(max-width: 300px) 100vw, 300px\" srcset=\"https:\/\/origensports.com\/wp-content\/uploads\/2024\/02\/WhatsApp-Image-2024-02-07-at-7.56.04-PM-1-300x300.jpeg 300w, https:\/\/origensports.com\/wp-content\/uploads\/2024\/02\/WhatsApp-Image-2024-02-07-at-7.56.04-PM-1-150x150.jpeg 150w, https:\/\/origensports.com\/wp-content\/uploads\/2024\/02\/WhatsApp-Image-2024-02-07-at-7.56.04-PM-1-100x100.jpeg 100w\" width=\"300\" height=\"300\" src=\"https:\/\/origensports.com\/wp-content\/uploads\/2024\/02\/WhatsApp-Image-2024-02-07-at-7.56.04-PM-1-300x300.jpeg\" alt=\"Jersey Ciclismo Termico Negro\"> <\/a><br><a href=\"https:\/\/origensports.com\/index.php\/product\/jersey-manga-larga-advanced-2\/\"><br><img decoding=\"async\" sizes=\"(max-width: 300px) 100vw, 300px\" srcset=\"https:\/\/origensports.com\/wp-content\/uploads\/2024\/02\/WhatsApp-Image-2024-02-07-at-8.07.41-PM-1-300x300.jpeg 300w, https:\/\/origensports.com\/wp-content\/uploads\/2024\/02\/WhatsApp-Image-2024-02-07-at-8.07.41-PM-1-150x150.jpeg 150w, https:\/\/origensports.com\/wp-content\/uploads\/2024\/02\/WhatsApp-Image-2024-02-07-at-8.07.41-PM-1-100x100.jpeg 100w\" width=\"300\" height=\"300\" src=\"https:\/\/origensports.com\/wp-content\/uploads\/2024\/02\/WhatsApp-Image-2024-02-07-at-8.07.41-PM-1-300x300.jpeg\" alt=\"Jersey Ciclismo Ligero Cafe\"> <\/a><br><a href=\"https:\/\/origensports.com\/index.php\/product-category\/jersey-manga-larga-mujer\/\"><br><img loading=\"lazy\" decoding=\"async\" sizes=\"(max-width: 300px) 100vw, 300px\" srcset=\"https:\/\/origensports.com\/wp-content\/uploads\/2024\/02\/WhatsApp-Image-2024-02-07-at-8.07.42-PM-300x300.jpeg 300w, https:\/\/origensports.com\/wp-content\/uploads\/2024\/02\/WhatsApp-Image-2024-02-07-at-8.07.42-PM-150x150.jpeg 150w, https:\/\/origensports.com\/wp-content\/uploads\/2024\/02\/WhatsApp-Image-2024-02-07-at-8.07.42-PM-100x100.jpeg 100w\" width=\"300\" height=\"300\" src=\"https:\/\/origensports.com\/wp-content\/uploads\/2024\/02\/WhatsApp-Image-2024-02-07-at-8.07.42-PM-300x300.jpeg\" alt=\"Jersey Ciclismo Termico Vino\"> <\/a><\/p><\/blockquote><\/figure>\n\n\n\n<p>Todas nuestras prendas cuentan con tecnolog\u00eda especializada para el m\u00e1ximo desempe\u00f1o deportivo.<\/p>\n\n\n\n<h3 class=\"wp-block-heading\">Nuestra nueva colecci\u00f3n: JERSEYS TERMICOS<\/h3>\n\n\n<div class=\"wp-block-image\">\n<figure class=\"aligncenter size-large is-resized\"><a href=\"https:\/\/origensports.com\/wp-content\/uploads\/2025\/11\/Photoroom_20251016_122223.png\"><img loading=\"lazy\" decoding=\"async\" width=\"683\" height=\"1024\" src=\"https:\/\/origensports.com\/wp-content\/uploads\/2025\/11\/Photoroom_20251016_122223-683x1024.png\" alt=\"\" class=\"wp-image-1324\" style=\"width:605px;height:auto\" srcset=\"https:\/\/origensports.com\/wp-content\/uploads\/2025\/11\/Photoroom_20251016_122223-683x1024.png 683w, https:\/\/origensports.com\/wp-content\/uploads\/2025\/11\/Photoroom_20251016_122223-200x300.png 200w, https:\/\/origensports.com\/wp-content\/uploads\/2025\/11\/Photoroom_20251016_122223-768x1152.png 768w, https:\/\/origensports.com\/wp-content\/uploads\/2025\/11\/Photoroom_20251016_122223-600x900.png 600w, https:\/\/origensports.com\/wp-content\/uploads\/2025\/11\/Photoroom_20251016_122223.png 832w\" sizes=\"(max-width: 683px) 100vw, 683px\" \/><\/a><\/figure><\/div>\n\n\n<figure class=\"wp-block-gallery has-nested-images columns-default is-cropped wp-block-gallery-1 is-layout-flex wp-block-gallery-is-layout-flex\">\n<figure class=\"wp-block-image size-large\"><img loading=\"lazy\" decoding=\"async\" width=\"1024\" height=\"1024\" data-id=\"1285\" src=\"https:\/\/origensports.com\/wp-content\/uploads\/2024\/04\/IMG_3820-1-1024x1024.png\" alt=\"\" class=\"wp-image-1285\" srcset=\"https:\/\/origensports.com\/wp-content\/uploads\/2024\/04\/IMG_3820-1-1024x1024.png 1024w, https:\/\/origensports.com\/wp-content\/uploads\/2024\/04\/IMG_3820-1-300x300.png 300w, https:\/\/origensports.com\/wp-content\/uploads\/2024\/04\/IMG_3820-1-150x150.png 150w, https:\/\/origensports.com\/wp-content\/uploads\/2024\/04\/IMG_3820-1-768x768.png 768w, https:\/\/origensports.com\/wp-content\/uploads\/2024\/04\/IMG_3820-1-1536x1536.png 1536w, https:\/\/origensports.com\/wp-content\/uploads\/2024\/04\/IMG_3820-1-600x600.png 600w, https:\/\/origensports.com\/wp-content\/uploads\/2024\/04\/IMG_3820-1-100x100.png 100w, https:\/\/origensports.com\/wp-content\/uploads\/2024\/04\/IMG_3820-1.png 1600w\" sizes=\"(max-width: 1024px) 100vw, 1024px\" \/><\/figure>\n<\/figure>\n\n\n\n<figure class=\"wp-block-image size-large\"><img loading=\"lazy\" decoding=\"async\" width=\"1024\" height=\"1024\" src=\"https:\/\/origensports.com\/wp-content\/uploads\/2024\/04\/IMG_3826-1-1024x1024.png\" alt=\"\" class=\"wp-image-1286\" srcset=\"https:\/\/origensports.com\/wp-content\/uploads\/2024\/04\/IMG_3826-1-1024x1024.png 1024w, https:\/\/origensports.com\/wp-content\/uploads\/2024\/04\/IMG_3826-1-300x300.png 300w, https:\/\/origensports.com\/wp-content\/uploads\/2024\/04\/IMG_3826-1-150x150.png 150w, https:\/\/origensports.com\/wp-content\/uploads\/2024\/04\/IMG_3826-1-768x768.png 768w, https:\/\/origensports.com\/wp-content\/uploads\/2024\/04\/IMG_3826-1-1536x1536.png 1536w, https:\/\/origensports.com\/wp-content\/uploads\/2024\/04\/IMG_3826-1-600x600.png 600w, https:\/\/origensports.com\/wp-content\/uploads\/2024\/04\/IMG_3826-1-100x100.png 100w, https:\/\/origensports.com\/wp-content\/uploads\/2024\/04\/IMG_3826-1.png 1600w\" sizes=\"(max-width: 1024px) 100vw, 1024px\" \/><\/figure>\n\n\n\n<p><\/p>\n\n\n\n<p><br>Anterior<br>Siguiente<\/p>\n","protected":false},"excerpt":{"rendered":"<p>Ropa dise\u00f1ada por ciclistas Hombre Mujer Todas nuestras prendas cuentan con tecnolog\u00eda especializada para el m\u00e1ximo desempe\u00f1o deportivo. Nuestra nueva&hellip;<\/p>\n","protected":false},"author":1,"featured_media":0,"parent":0,"menu_order":0,"comment_status":"closed","ping_status":"closed","template":"","meta":{"footnotes":""},"class_list":["post-160","page","type-page","status-publish","hentry"],"_links":{"self":[{"href":"https:\/\/origensports.com\/index.php\/wp-json\/wp\/v2\/pages\/160","targetHints":{"allow":["GET"]}}],"collection":[{"href":"https:\/\/origensports.com\/index.php\/wp-json\/wp\/v2\/pages"}],"about":[{"href":"https:\/\/origensports.com\/index.php\/wp-json\/wp\/v2\/types\/page"}],"author":[{"embeddable":true,"href":"https:\/\/origensports.com\/index.php\/wp-json\/wp\/v2\/users\/1"}],"replies":[{"embeddable":true,"href":"https:\/\/origensports.com\/index.php\/wp-json\/wp\/v2\/comments?post=160"}],"version-history":[{"count":345,"href":"https:\/\/origensports.com\/index.php\/wp-json\/wp\/v2\/pages\/160\/revisions"}],"predecessor-version":[{"id":1413,"href":"https:\/\/origensports.com\/index.php\/wp-json\/wp\/v2\/pages\/160\/revisions\/1413"}],"wp:attachment":[{"href":"https:\/\/origensports.com\/index.php\/wp-json\/wp\/v2\/media?parent=160"}],"curies":[{"name":"wp","href":"https:\/\/api.w.org\/{rel}","templated":true}]}}